{"id":27,"date":"2020-09-11T20:53:35","date_gmt":"2020-09-11T20:53:35","guid":{"rendered":"http:\/\/ho-ho.ch\/wp\/?page_id=27"},"modified":"2022-02-12T22:19:24","modified_gmt":"2022-02-12T22:19:24","slug":"uv-direktdruck","status":"publish","type":"page","link":"https:\/\/ho-ho.ch\/wp\/uv-direktdruck\/","title":{"rendered":"UV Direktdruck"},"content":{"rendered":"\n<p>Mittels UV Direktdruck k\u00f6nnen wir Bilder auf Leinwand, Werbeschilder, Leitsysteme und vieles mehr bedrucken.<br>Ein weiteres Hauptaugenmerk liegt auf Werbe- und Streuartikel. Die geringen Initialkosten erlauben es. auch kleine St\u00fcckzahlen zu produzieren. Wir k\u00f6nnen mit dieser Technik ab St\u00fcckzahl EINS ihr gew\u00fcnschtes Produkt bedrucken.<\/p>\n\n\n\n<p>Nebst den typischen Anwendungen des UV Direktdruckes ist auch das Prototyping eine ideale Anwendung. Kleine Serien oder zu feine Konturen f\u00fcr den Siebdruck realisieren wir im 6-farben-Modus inkl. Spezialeffekte Gloss und Mate, im Handumdrehen. Auch die ben\u00f6tigten JIG (Aufnahmen f\u00fcr die Produkte) stellen wir im eigenen Haus her. So profitieren unsere Kunden doppelt. Der UV Direktdruck zeichnet sich auch dadurch aus, dass keine Trocknungszeiten ber\u00fccksichtigt werden m\u00fcssen.<\/p>\n\n\n\n<p>Eine vielzahl von Artikel l\u00e4sst sich mit UV Direktdruck bedrucken.<\/p>\n\n\n\nngg_shortcode_0_placeholder\n","protected":false},"excerpt":{"rendered":"<p>Mittels UV Direktdruck k\u00f6nnen wir Bilder auf Leinwand, Werbeschilder, Leitsysteme und vieles mehr bedrucken.Ein weiteres Hauptaugenmerk liegt auf Werbe- und Streuartikel. Die geringen Initialkosten erlauben es. auch kleine St\u00fcckzahlen zu produzieren. Wir k\u00f6nnen mit dieser Technik ab St\u00fcckzahl EINS ihr gew\u00fcnschtes Produkt bedrucken. Nebst den typischen Anwendungen des UV Direktdruckes ist auch das Prototyping eine [&hellip;]<\/p>\n","protected":false},"author":1,"featured_media":0,"parent":0,"menu_order":0,"comment_status":"closed","ping_status":"closed","template":"","meta":{"ngg_post_thumbnail":0,"ocean_post_layout":"full-screen","ocean_both_sidebars_style":"","ocean_both_sidebars_content_width":0,"ocean_both_sidebars_sidebars_width":0,"ocean_sidebar":"0","ocean_second_sidebar":"0","ocean_disable_margins":"enable","ocean_add_body_class":"","ocean_shortcode_before_top_bar":"","ocean_shortcode_after_top_bar":"","ocean_shortcode_before_header":"","ocean_shortcode_after_header":"","ocean_has_shortcode":"","ocean_shortcode_after_title":"","ocean_shortcode_before_footer_widgets":"","ocean_shortcode_after_footer_widgets":"","ocean_shortcode_before_footer_bottom":"","ocean_shortcode_after_footer_bottom":"","ocean_display_top_bar":"default","ocean_display_header":"default","ocean_header_style":"","ocean_center_header_left_menu":"0","ocean_custom_header_template":"0","ocean_custom_logo":0,"ocean_custom_retina_logo":0,"ocean_custom_logo_max_width":0,"ocean_custom_logo_tablet_max_width":0,"ocean_custom_logo_mobile_max_width":0,"ocean_custom_logo_max_height":0,"ocean_custom_logo_tablet_max_height":0,"ocean_custom_logo_mobile_max_height":0,"ocean_header_custom_menu":"0","ocean_menu_typo_font_family":"0","ocean_menu_typo_font_subset":"","ocean_menu_typo_font_size":0,"ocean_menu_typo_font_size_tablet":0,"ocean_menu_typo_font_size_mobile":0,"ocean_menu_typo_font_size_unit":"px","ocean_menu_typo_font_weight":"","ocean_menu_typo_font_weight_tablet":"","ocean_menu_typo_font_weight_mobile":"","ocean_menu_typo_transform":"","ocean_menu_typo_transform_tablet":"","ocean_menu_typo_transform_mobile":"","ocean_menu_typo_line_height":0,"ocean_menu_typo_line_height_tablet":0,"ocean_menu_typo_line_height_mobile":0,"ocean_menu_typo_line_height_unit":"","ocean_menu_typo_spacing":0,"ocean_menu_typo_spacing_tablet":0,"ocean_menu_typo_spacing_mobile":0,"ocean_menu_typo_spacing_unit":"","ocean_menu_link_color":"","ocean_menu_link_color_hover":"","ocean_menu_link_color_active":"","ocean_menu_link_background":"","ocean_menu_link_hover_background":"","ocean_menu_link_active_background":"","ocean_menu_social_links_bg":"","ocean_menu_social_hover_links_bg":"","ocean_menu_social_links_color":"","ocean_menu_social_hover_links_color":"","ocean_disable_title":"on","ocean_disable_heading":"default","ocean_post_title":"","ocean_post_subheading":"","ocean_post_title_style":"","ocean_post_title_background_color":"","ocean_post_title_background":0,"ocean_post_title_bg_image_position":"","ocean_post_title_bg_image_attachment":"","ocean_post_title_bg_image_repeat":"","ocean_post_title_bg_image_size":"","ocean_post_title_height":0,"ocean_post_title_bg_overlay":0.5,"ocean_post_title_bg_overlay_color":"","ocean_disable_breadcrumbs":"default","ocean_breadcrumbs_color":"","ocean_breadcrumbs_separator_color":"","ocean_breadcrumbs_links_color":"","ocean_breadcrumbs_links_hover_color":"","ocean_display_footer_widgets":"default","ocean_display_footer_bottom":"default","ocean_custom_footer_template":"0","footnotes":""},"class_list":["post-27","page","type-page","status-publish","hentry","entry"],"yoast_head":"<!-- This site is optimized with the Yoast SEO plugin v26.9 - https:\/\/yoast.com\/product\/yoast-seo-wordpress\/ -->\n<title>UV Direktdruck - hofstetter werbetechnik<\/title>\n<meta name=\"description\" content=\"Mit dem UV Direktdruck erreichen wir Spitzenqualit\u00e4t. Werbeartikel, Leitsysteme, Werbetafeln, Bilderdruck, und personalisierte Geschenke\" \/>\n<meta name=\"robots\" content=\"index, follow, max-snippet:-1, max-image-preview:large, max-video-preview:-1\" \/>\n<link rel=\"canonical\" href=\"https:\/\/ho-ho.ch\/wp\/uv-direktdruck\/\" \/>\n<meta property=\"og:locale\" content=\"de_DE\" \/>\n<meta property=\"og:type\" content=\"article\" \/>\n<meta property=\"og:title\" content=\"UV Direktdruck - hofstetter werbetechnik\" \/>\n<meta property=\"og:description\" content=\"Mit dem UV Direktdruck erreichen wir Spitzenqualit\u00e4t. Werbeartikel, Leitsysteme, Werbetafeln, Bilderdruck, und personalisierte Geschenke\" \/>\n<meta property=\"og:url\" content=\"https:\/\/ho-ho.ch\/wp\/uv-direktdruck\/\" \/>\n<meta property=\"og:site_name\" content=\"hofstetter werbetechnik\" \/>\n<meta property=\"article:publisher\" content=\"https:\/\/www.facebook.com\/hohoNiederurnen\" \/>\n<meta property=\"article:modified_time\" content=\"2022-02-12T22:19:24+00:00\" \/>\n<meta name=\"twitter:card\" content=\"summary_large_image\" \/>\n<meta name=\"twitter:site\" content=\"@hohoniederurnen\" \/>\n<meta name=\"twitter:label1\" content=\"Gesch\u00e4tzte Lesezeit\" \/>\n\t<meta name=\"twitter:data1\" content=\"1\u00a0Minute\" \/>\n<script type=\"application\/ld+json\" class=\"yoast-schema-graph\">{\"@context\":\"https:\/\/schema.org\",\"@graph\":[{\"@type\":\"WebPage\",\"@id\":\"https:\/\/ho-ho.ch\/wp\/uv-direktdruck\/\",\"url\":\"https:\/\/ho-ho.ch\/wp\/uv-direktdruck\/\",\"name\":\"UV Direktdruck - hofstetter werbetechnik\",\"isPartOf\":{\"@id\":\"http:\/\/ho-ho.ch\/wp\/#website\"},\"datePublished\":\"2020-09-11T20:53:35+00:00\",\"dateModified\":\"2022-02-12T22:19:24+00:00\",\"description\":\"Mit dem UV Direktdruck erreichen wir Spitzenqualit\u00e4t. Werbeartikel, Leitsysteme, Werbetafeln, Bilderdruck, und personalisierte Geschenke\",\"breadcrumb\":{\"@id\":\"https:\/\/ho-ho.ch\/wp\/uv-direktdruck\/#breadcrumb\"},\"inLanguage\":\"de\",\"potentialAction\":[{\"@type\":\"ReadAction\",\"target\":[\"https:\/\/ho-ho.ch\/wp\/uv-direktdruck\/\"]}]},{\"@type\":\"BreadcrumbList\",\"@id\":\"https:\/\/ho-ho.ch\/wp\/uv-direktdruck\/#breadcrumb\",\"itemListElement\":[{\"@type\":\"ListItem\",\"position\":1,\"name\":\"Startseite\",\"item\":\"https:\/\/ho-ho.ch\/wp\/\"},{\"@type\":\"ListItem\",\"position\":2,\"name\":\"UV Direktdruck\"}]},{\"@type\":\"WebSite\",\"@id\":\"http:\/\/ho-ho.ch\/wp\/#website\",\"url\":\"http:\/\/ho-ho.ch\/wp\/\",\"name\":\"hofstetter werbetechnik\",\"description\":\"wir realisieren ideen\",\"publisher\":{\"@id\":\"http:\/\/ho-ho.ch\/wp\/#organization\"},\"potentialAction\":[{\"@type\":\"SearchAction\",\"target\":{\"@type\":\"EntryPoint\",\"urlTemplate\":\"http:\/\/ho-ho.ch\/wp\/?s={search_term_string}\"},\"query-input\":{\"@type\":\"PropertyValueSpecification\",\"valueRequired\":true,\"valueName\":\"search_term_string\"}}],\"inLanguage\":\"de\"},{\"@type\":\"Organization\",\"@id\":\"http:\/\/ho-ho.ch\/wp\/#organization\",\"name\":\"hofstetter werbetechnik\",\"url\":\"http:\/\/ho-ho.ch\/wp\/\",\"logo\":{\"@type\":\"ImageObject\",\"inLanguage\":\"de\",\"@id\":\"http:\/\/ho-ho.ch\/wp\/#\/schema\/logo\/image\/\",\"url\":\"https:\/\/ho-ho.ch\/wp\/wp-content\/uploads\/2021\/01\/Rechnung_Logo.svg\",\"contentUrl\":\"https:\/\/ho-ho.ch\/wp\/wp-content\/uploads\/2021\/01\/Rechnung_Logo.svg\",\"width\":1,\"height\":1,\"caption\":\"hofstetter werbetechnik\"},\"image\":{\"@id\":\"http:\/\/ho-ho.ch\/wp\/#\/schema\/logo\/image\/\"},\"sameAs\":[\"https:\/\/www.facebook.com\/hohoNiederurnen\",\"https:\/\/x.com\/hohoniederurnen\",\"https:\/\/www.instagram.com\/hofstetter_werbetechnik\/\"]}]}<\/script>\n<!-- \/ Yoast SEO plugin. -->","yoast_head_json":{"title":"UV Direktdruck - hofstetter werbetechnik","description":"Mit dem UV Direktdruck erreichen wir Spitzenqualit\u00e4t. Werbeartikel, Leitsysteme, Werbetafeln, Bilderdruck, und personalisierte Geschenke","robots":{"index":"index","follow":"follow","max-snippet":"max-snippet:-1","max-image-preview":"max-image-preview:large","max-video-preview":"max-video-preview:-1"},"canonical":"https:\/\/ho-ho.ch\/wp\/uv-direktdruck\/","og_locale":"de_DE","og_type":"article","og_title":"UV Direktdruck - hofstetter werbetechnik","og_description":"Mit dem UV Direktdruck erreichen wir Spitzenqualit\u00e4t. Werbeartikel, Leitsysteme, Werbetafeln, Bilderdruck, und personalisierte Geschenke","og_url":"https:\/\/ho-ho.ch\/wp\/uv-direktdruck\/","og_site_name":"hofstetter werbetechnik","article_publisher":"https:\/\/www.facebook.com\/hohoNiederurnen","article_modified_time":"2022-02-12T22:19:24+00:00","twitter_card":"summary_large_image","twitter_site":"@hohoniederurnen","twitter_misc":{"Gesch\u00e4tzte Lesezeit":"1\u00a0Minute"},"schema":{"@context":"https:\/\/schema.org","@graph":[{"@type":"WebPage","@id":"https:\/\/ho-ho.ch\/wp\/uv-direktdruck\/","url":"https:\/\/ho-ho.ch\/wp\/uv-direktdruck\/","name":"UV Direktdruck - hofstetter werbetechnik","isPartOf":{"@id":"http:\/\/ho-ho.ch\/wp\/#website"},"datePublished":"2020-09-11T20:53:35+00:00","dateModified":"2022-02-12T22:19:24+00:00","description":"Mit dem UV Direktdruck erreichen wir Spitzenqualit\u00e4t. Werbeartikel, Leitsysteme, Werbetafeln, Bilderdruck, und personalisierte Geschenke","breadcrumb":{"@id":"https:\/\/ho-ho.ch\/wp\/uv-direktdruck\/#breadcrumb"},"inLanguage":"de","potentialAction":[{"@type":"ReadAction","target":["https:\/\/ho-ho.ch\/wp\/uv-direktdruck\/"]}]},{"@type":"BreadcrumbList","@id":"https:\/\/ho-ho.ch\/wp\/uv-direktdruck\/#breadcrumb","itemListElement":[{"@type":"ListItem","position":1,"name":"Startseite","item":"https:\/\/ho-ho.ch\/wp\/"},{"@type":"ListItem","position":2,"name":"UV Direktdruck"}]},{"@type":"WebSite","@id":"http:\/\/ho-ho.ch\/wp\/#website","url":"http:\/\/ho-ho.ch\/wp\/","name":"hofstetter werbetechnik","description":"wir realisieren ideen","publisher":{"@id":"http:\/\/ho-ho.ch\/wp\/#organization"},"potentialAction":[{"@type":"SearchAction","target":{"@type":"EntryPoint","urlTemplate":"http:\/\/ho-ho.ch\/wp\/?s={search_term_string}"},"query-input":{"@type":"PropertyValueSpecification","valueRequired":true,"valueName":"search_term_string"}}],"inLanguage":"de"},{"@type":"Organization","@id":"http:\/\/ho-ho.ch\/wp\/#organization","name":"hofstetter werbetechnik","url":"http:\/\/ho-ho.ch\/wp\/","logo":{"@type":"ImageObject","inLanguage":"de","@id":"http:\/\/ho-ho.ch\/wp\/#\/schema\/logo\/image\/","url":"https:\/\/ho-ho.ch\/wp\/wp-content\/uploads\/2021\/01\/Rechnung_Logo.svg","contentUrl":"https:\/\/ho-ho.ch\/wp\/wp-content\/uploads\/2021\/01\/Rechnung_Logo.svg","width":1,"height":1,"caption":"hofstetter werbetechnik"},"image":{"@id":"http:\/\/ho-ho.ch\/wp\/#\/schema\/logo\/image\/"},"sameAs":["https:\/\/www.facebook.com\/hohoNiederurnen","https:\/\/x.com\/hohoniederurnen","https:\/\/www.instagram.com\/hofstetter_werbetechnik\/"]}]}},"_links":{"self":[{"href":"https:\/\/ho-ho.ch\/wp\/wp-json\/wp\/v2\/pages\/27","targetHints":{"allow":["GET"]}}],"collection":[{"href":"https:\/\/ho-ho.ch\/wp\/wp-json\/wp\/v2\/pages"}],"about":[{"href":"https:\/\/ho-ho.ch\/wp\/wp-json\/wp\/v2\/types\/page"}],"author":[{"embeddable":true,"href":"https:\/\/ho-ho.ch\/wp\/wp-json\/wp\/v2\/users\/1"}],"replies":[{"embeddable":true,"href":"https:\/\/ho-ho.ch\/wp\/wp-json\/wp\/v2\/comments?post=27"}],"version-history":[{"count":3,"href":"https:\/\/ho-ho.ch\/wp\/wp-json\/wp\/v2\/pages\/27\/revisions"}],"predecessor-version":[{"id":613,"href":"https:\/\/ho-ho.ch\/wp\/wp-json\/wp\/v2\/pages\/27\/revisions\/613"}],"wp:attachment":[{"href":"https:\/\/ho-ho.ch\/wp\/wp-json\/wp\/v2\/media?parent=27"}],"curies":[{"name":"wp","href":"https:\/\/api.w.org\/{rel}","templated":true}]}}